{"id":13344,"date":"2023-04-25T20:24:00","date_gmt":"2023-04-26T01:24:00","guid":{"rendered":"https:\/\/www.vzcontadores.com\/nueva\/?page_id=13344"},"modified":"2023-12-21T03:55:18","modified_gmt":"2023-12-21T08:55:18","slug":"nostros","status":"publish","type":"page","link":"https:\/\/scperu.com\/?page_id=13344","title":{"rendered":"Nosotros"},"content":{"rendered":"<section class=\"wpb-content-wrapper\"><p>[vc_row][vc_column]\r\n\t<div class=\"prelude-spacer clearfix\" data-desktop=\"80\" data-mobi=\"50\" data-smobi=\"50\"><\/div><div class=\"prelude-headings clearfix \" data-font=14 style=\"\"><h3 class=\"heading clearfix \" style=\"font-weight:500;color:#263781;letter-spacing:0.25px;margin-bottom:15px;font-size:14px;\">\r\n\t\tConf\u00ede en nosotros para manejar sus necesidades tecnol\u00f3gicas\r\n\t<\/h3><\/div>[vc_row_inner][vc_column_inner width=\u00bb1\/2&#8243;][vc_column_text]<\/p>\n<h3 style=\"max-width: 700px; font-weight: 300; margin-bottom: 0;\">Nos comprometemos a ofrecer <span style=\"font-weight: 600;\">servicios de vanguardia<\/span> que optimizan la eficiencia operativa.<\/h3>\n<p>[\/vc_column_text]<div class=\"prelude-headings clearfix \" data-font=42 data-mfont=40 style=\"\"><div class=\"extra-content clearfix\" style=\"\">\r\n\t\t<p style=\"text-align: justify;\">Nos enorgullece ser l\u00edderes en el \u00e1mbito de servicios tecnol\u00f3gicos, destac\u00e1ndonos por nuestra dedicaci\u00f3n a la excelencia y la innovaci\u00f3n. Con una trayectoria s\u00f3lida, nos especializamos en proporcionar soluciones integrales en Respaldo y Recuperaci\u00f3n de la Informaci\u00f3n, Virtualizaci\u00f3n y Seguridad.<\/p>\n\r\n\t<\/div><\/div>[\/vc_column_inner][vc_column_inner width=\u00bb1\/2&#8243;]\r\n\t<div class=\"prelude-parallax-box\"><div class=\"parallax-wrap\"><div class=\"prelude-parallax-item has-width\" style=\"left:30%;margin-top:25%;width:40%;border-radius:7px;box-shadow: 0px 10px 90px 0px rgba(110,123,131,0.2);\" data-parallax='{\"y\" : -400, \"smoothness\" : 40}' data-top=\"25%\"><img decoding=\"async\" class=\"parallax-image\" src=\"https:\/\/scperu.com\/wp-content\/uploads\/2023\/12\/empresario-apuntando-su-presentacion-negocios-pantalla-digital-alta-tecnologia-min.jpg\" alt=\"image\"><\/div><\/div><\/div>[\/vc_column_inner][\/vc_row_inner]\r\n\t<div class=\"prelude-spacer clearfix\" data-desktop=\"55\" data-mobi=\"60\" data-smobi=\"60\"><\/div><div class=\"prelude-headings clearfix text-center\" data-font=32 style=\"\"><div class=\"extra-content clearfix\" style=\"\">\r\n\t\t<h1>Nuestra <strong>Filosof\u00eda<\/strong><\/h1>\n\r\n\t<\/div><\/div>\r\n\t<div class=\"prelude-spacer clearfix\" data-desktop=\"50\" data-mobi=\"50\" data-smobi=\"50\"><\/div>[vc_row_inner][vc_column_inner width=\u00bb1\/3&#8243;]<div class=\"prelude-icon-box clearfix icon-top align-center  link-hover-accent simple\" style=\"\" ><div class=\"wrap-inner\" style=\"position: relative;\"><div class=\"prelude-icon icon-958372071 icon-font custom custom\"  data-icon=\"#ffffff\" data-background=\"#47b8e5\">\r\n\t\t\t<span class=\"icon\" style=\"font-size:26px;width:60px;height:60px;border-style:solid;border-radius:30px;line-height:60px;\"><i class=\"preico-target\"><\/i><\/span>\r\n\t\t<\/div> <div class=\"content-wrap\"><h3 class=\"heading \" style=\"font-size:22px;margin-top:25px;margin-bottom:14px;\">\r\n\t\t\t<span>Misi\u00f3n<\/span>\r\n\t\t<\/h3><div class=\"desc\" style=\"line-height:26px;margin-bottom:25px;\"><div style=\"max-width: 300px; text-align: justify; margin: 0 auto;\">Contribuir a la innovaci\u00f3n y desarrollo de las empresas, satisfagan sus necesidades y expectativas.<\/div>\n<\/div><\/div><\/div><\/div><div class=\"prelude-divider divider-center divider-solid\" style=\"width:30px;border-width:5px;border-top-color:#e7e7e7;margin-top:23px;\"><\/div><div class=\"clearfix\"><\/div>\r\n\t<div class=\"prelude-spacer clearfix\" data-desktop=\"0\" data-mobi=\"30\" data-smobi=\"30\"><\/div>[\/vc_column_inner][vc_column_inner width=\u00bb1\/3&#8243;]<div class=\"prelude-icon-box clearfix icon-top align-center  link-hover-accent simple\" style=\"\" ><div class=\"wrap-inner\" style=\"position: relative;\"><div class=\"prelude-icon icon-1295377466 icon-font custom accent-bg\"  data-icon=\"#ffffff\">\r\n\t\t\t<span class=\"icon\" style=\"font-size:26px;width:60px;height:60px;border-style:solid;border-radius:30px;line-height:60px;\"><i class=\"elegant-icon_lightbulb_alt\"><\/i><\/span>\r\n\t\t<\/div> <div class=\"content-wrap\"><h3 class=\"heading \" style=\"font-size:22px;margin-top:25px;margin-bottom:14px;\">\r\n\t\t\t<span>Visi\u00f3n<\/span>\r\n\t\t<\/h3><div class=\"desc\" style=\"line-height:26px;margin-bottom:25px;\"><div style=\"max-width: 300px; text-align: justify; margin: 0 auto;\">Ser reconocidos como l\u00edderes en el \u00e1rea de Servicios y Consultor\u00eda Inform\u00e1tica de las principales marcas de Tecnolog\u00eda y por la profesionalidad de sus consultores y por entregar trabajos de calidad.<\/div>\n<\/div><\/div><\/div><\/div><div class=\"prelude-divider divider-center divider-solid\" style=\"width:30px;border-width:5px;border-top-color:#e7e7e7;margin-top:23px;\"><\/div><div class=\"clearfix\"><\/div>\r\n\t<div class=\"prelude-spacer clearfix\" data-desktop=\"0\" data-mobi=\"30\" data-smobi=\"30\"><\/div>[\/vc_column_inner][vc_column_inner width=\u00bb1\/3&#8243;]<div class=\"prelude-icon-box clearfix icon-top align-center  link-hover-accent simple\" style=\"\" ><div class=\"wrap-inner\" style=\"position: relative;\"><div class=\"prelude-icon icon-1800564834 icon-font custom custom\"  data-icon=\"#ffffff\" data-background=\"#47b8e5\">\r\n\t\t\t<span class=\"icon\" style=\"font-size:26px;width:60px;height:60px;border-style:solid;border-radius:30px;line-height:60px;\"><i class=\"elegant-icon_rook\"><\/i><\/span>\r\n\t\t<\/div> <div class=\"content-wrap\"><h3 class=\"heading \" style=\"font-size:22px;margin-top:25px;margin-bottom:14px;\">\r\n\t\t\t<span>Valores<\/span>\r\n\t\t<\/h3><div class=\"desc\" style=\"line-height:26px;margin-bottom:25px;\"><div style=\"max-width: 300px; text-align: center; margin: 0 auto;\">\n<p>Tenemos como <strong>VALORES<\/strong>:<\/p>\n<div style=\"max-width: 300px; text-align: justify; margin: 0 auto;\">Calidad y confiabilidad, \u00c9tica profesional, Responsabilidad, Respeto.<\/div>\n<\/div>\n<\/div><\/div><\/div><\/div><div class=\"prelude-divider divider-center divider-solid\" style=\"width:30px;border-width:5px;border-top-color:#e7e7e7;margin-top:23px;\"><\/div><div class=\"clearfix\"><\/div>[\/vc_column_inner][\/vc_row_inner]\r\n\t<div class=\"prelude-spacer clearfix\" data-desktop=\"97\" data-mobi=\"60\" data-smobi=\"60\"><\/div>[\/vc_column][\/vc_row][vc_row disable_element=\u00bbyes\u00bb fullwidth=\u00bbyes\u00bb full_width=\u00bbstretch_row_content_no_spaces\u00bb equal_height=\u00bbyes\u00bb css=\u00bb.vc_custom_1700672236332{background-color: #f5fbfc !important;}\u00bb][vc_column width=\u00bb1\/2&#8243; el_class=\u00bbtext-right\u00bb]<div class=\"prelude-simple-image  img-stretch \" data-reveal=\"true\" data-reveal-options='{\"direction\":\"rl\",\"bgcolor\":\"#dddddd\"}' >\r\n\t\t\t\t<figure style=\"\"><img decoding=\"async\" alt=\"image\" src=\"https:\/\/scperu.com\/wp-content\/uploads\/2023\/05\/joven-lider-equipo-gran-corporacion-informando-companeros-trabajo-apuntando-al-grafico-reunion-personal-corporativo-min-scaled.jpg\" \/> <\/figure>\r\n\t\t\t<\/div>[\/vc_column][vc_column width=\u00bb1\/2&#8243;]\r\n\t<div class=\"prelude-spacer clearfix\" data-desktop=\"100\" data-mobi=\"60\" data-smobi=\"60\"><\/div><div class=\"prelude-content-box clearfix \" data-padding=\"0 18% 0 12%\" data-mobipadding=\"0 10% 0 10%\" data-margin=\"\" data-mobimargin=\"\" >\r\n\t\t<div class=\"inner ctb-1530938771\" style=\"\"  data-background=\"\">\r\n\t\t\t\r\n\t<div class=\"prelude-spacer clearfix\" data-desktop=\"40\" data-mobi=\"40\" data-smobi=\"40\"><\/div>\r\n\t<div class=\"prelude-accordions accordions\"><div class=\"accordion-item blue\" style=\"margin-bottom:10px;\"><h3 class=\"accordion-heading\" style=\"font-size:18px;\">\r\n\t\t\t<span class=\"inner\" style=\"\">\r\n\t\t\t\tVISI\u00d3N\r\n\t\t\t<\/span>\r\n\t\t<\/h3><div class=\"accordion-content\" style=\"\"><p><span>Nuestra visi\u00f3n es liderar el mercado de servicios de consultor\u00eda contable, tributaria y administrativa. Nos comprometemos a brindar soluciones innovadoras y personalizadas, capacitando y desarrollando constantemente nuestro recurso humano, tecnol\u00f3gico y log\u00edstico. Buscamos satisfacer las necesidades de nuestros clientes, establecer relaciones de confianza duraderas con ellos y contribuir al desarrollo econ\u00f3mico del pa\u00eds.<\/span><\/p>\n<\/div><\/div><div class=\"accordion-item blue active\" style=\"margin-bottom:10px;\"><h3 class=\"accordion-heading\" style=\"font-size:18px;\">\r\n\t\t\t<span class=\"inner\" style=\"\">\r\n\t\t\t\tMISI\u00d3N\r\n\t\t\t<\/span>\r\n\t\t<\/h3><div class=\"accordion-content\" style=\"\"><p><span>En <strong>V&amp;Z Contadores<\/strong>, nuestra misi\u00f3n es ser un socio estrat\u00e9gico para nuestros clientes, brindando soluciones integrales y personalizadas de asesor\u00eda financiera, contable y tributaria que satisfagan sus necesidades profesionales. Nos esforzamos por establecer relaciones duraderas y de confianza con ellos, ofreciendo un servicio eficiente, confiable y oportuno, y manteniendo un ambiente de trabajo profesional y respetuoso para nuestro equipo.<\/span><\/p>\n<\/div><\/div><div class=\"accordion-item blue\" style=\"margin-bottom:10px;\"><h3 class=\"accordion-heading\" style=\"font-size:18px;\">\r\n\t\t\t<span class=\"inner\" style=\"\">\r\n\t\t\t\tVALORES\r\n\t\t\t<\/span>\r\n\t\t<\/h3><div class=\"accordion-content\" style=\"\"><p>Tenemos como <strong>VALORES<\/strong>:<\/p>\n<ul class=\"list-1 p4 left-1\">\n<li>Calidad y confiabilidad<\/li>\n<li>\u00c9tica profesional<\/li>\n<li>Responsabilidad<\/li>\n<li>Respeto<\/li>\n<li>Puntualidad<\/li>\n<\/ul>\n<\/div><\/div><\/div>\r\n\t\t<\/div>\r\n\t<\/div>[\/vc_column][\/vc_row][vc_row parallax=\u00bbcontent-moving\u00bb full_width=\u00bbstretch_row\u00bb css=\u00bb.vc_custom_1682487748636{background-image: url(https:\/\/www.vzcontadores.com\/nueva\/wp-content\/uploads\/2023\/04\/papeleo-financiero-contable-2.jpg?id=13373) !important;background-position: center;background-repeat: no-repeat !important;background-size: cover !important;}\u00bb][vc_column]\r\n\t<div class=\"prelude-spacer clearfix\" data-desktop=\"130\" data-mobi=\"60\" data-smobi=\"60\"><\/div>[vc_row_inner][vc_column_inner width=\u00bb7\/12&#8243;][vc_column_text]<\/p>\n<h2 class=\"text-white\" style=\"max-width: 600px; font-weight: 300; margin-bottom: 20px;\">Conoce m\u00e1s de nuestras <span style=\"font-weight: 600;\">servicios especializados<\/span><\/h2>\n<p>[\/vc_column_text][\/vc_column_inner][vc_column_inner width=\u00bb5\/12&#8243;]<div class=\"prelude-align-box text-center\">\r\n\t<div class=\"prelude-spacer clearfix\" data-desktop=\"50\" data-mobi=\"60\" data-smobi=\"60\"><\/div><div class=\"button-wrap icon-right\" style=\"\" ><a href=\"\" target=\"_self\" class=\"prelude-button btn-98073307 medium no_icon accent custom\" style=\"border-radius:3px;\"  data-text=\"#ffffff\" data-text-hover=\"#39374d\" data-background-hover=\"#ffffff\">\r\n\t\t<span style=\"\">Ver Servicios <\/span>\r\n\t<\/a><\/div><\/div>[\/vc_column_inner][\/vc_row_inner]\r\n\t<div class=\"prelude-spacer clearfix\" data-desktop=\"140\" data-mobi=\"60\" data-smobi=\"60\"><\/div>[\/vc_column][\/vc_row][vc_row disable_element=\u00bbyes\u00bb][vc_column]\r\n\t<div class=\"prelude-spacer clearfix\" data-desktop=\"97\" data-mobi=\"60\" data-smobi=\"60\"><\/div><div class=\"prelude-headings clearfix text-center\" data-font=14 style=\"\"><h3 class=\"heading clearfix  accent\" style=\"font-weight:500;letter-spacing:0.25px;margin-bottom:15px;font-size:14px;\">\r\n\t\tWE ARE THINKERS, DESIGNERS, RESEARCHERS\r\n\t<\/h3><\/div>[vc_column_text]<\/p>\n<h2 style=\"max-width: 800px; text-align: center; font-weight: 600; margin: 0 auto 10px;\"><span style=\"font-weight: 300;\">We devise and design our own effective <\/span>digital products &amp; strategies<\/h2>\n<p>[\/vc_column_text]<div class=\"prelude-headings clearfix text-center\"  style=\"\"><p class=\"sub-heading clearfix\" style=\"font-style:normal;color:#5e5d6c;font-size:18px;line-height:28px;max-width:740px;margin-left: auto; margin-right: auto;\">\r\n\t\tWe are willing to do anything, well almost anything, to improve your users experience<br \/>\nof your digital products.\r\n\t<\/p><\/div>\r\n\t<div class=\"prelude-spacer clearfix\" data-desktop=\"83\" data-mobi=\"60\" data-smobi=\"60\"><\/div>\r\n\t<div class=\"prelude-spacer clearfix\" data-desktop=\"100\" data-mobi=\"60\" data-smobi=\"60\"><\/div><div class=\"prelude-align-box text-center\"><\/div>\r\n\t<div class=\"prelude-spacer clearfix\" data-desktop=\"100\" data-mobi=\"60\" data-smobi=\"60\"><\/div>[\/vc_column][\/vc_row]<\/p>\n<\/section>","protected":false},"excerpt":{"rendered":"<p>[vc_row][vc_column][vc_row_inner][vc_column_inner width=\u00bb1\/2&#8243;][vc_column_text] Nos comprometemos a ofrecer servicios de vanguardia que optimizan la eficiencia operativa. [\/vc_column_text][\/vc_column_inner][vc_column_inner width=\u00bb1\/2&#8243;][\/vc_column_inner][\/vc_row_inner][vc_row_inner][vc_column_inner width=\u00bb1\/3&#8243;][\/vc_column_inner][vc_column_inner width=\u00bb1\/3&#8243;][\/vc_column_inner][vc_column_inner width=\u00bb1\/3&#8243;][\/vc_column_inner][\/vc_row_inner][\/vc_column][\/vc_row][vc_row disable_element=\u00bbyes\u00bb fullwidth=\u00bbyes\u00bb full_width=\u00bbstretch_row_content_no_spaces\u00bb equal_height=\u00bbyes\u00bb css=\u00bb.vc_custom_1700672236332{background-color: #f5fbfc !important;}\u00bb][vc_column width=\u00bb1\/2&#8243; el_class=\u00bbtext-right\u00bb][\/vc_column][vc_column width=\u00bb1\/2&#8243;][\/vc_column][\/vc_row][vc_row parallax=\u00bbcontent-moving\u00bb full_width=\u00bbstretch_row\u00bb css=\u00bb.vc_custom_1682487748636{background-image: url(https:\/\/www.vzcontadores.com\/nueva\/wp-content\/uploads\/2023\/04\/papeleo-financiero-contable-2.jpg?id=13373) !important;background-position: center;background-repeat: no-repeat !important;background-size: cover !important;}\u00bb][vc_column][vc_row_inner][vc_column_inner width=\u00bb7\/12&#8243;][vc_column_text] Conoce m\u00e1s de nuestras servicios especializados [\/vc_column_text][\/vc_column_inner][vc_column_inner width=\u00bb5\/12&#8243;][\/vc_column_inner][\/vc_row_inner][\/vc_column][\/vc_row][vc_row disable_element=\u00bbyes\u00bb][vc_column][vc_column_text] We<\/p>\n","protected":false},"author":1,"featured_media":0,"parent":0,"menu_order":0,"comment_status":"closed","ping_status":"closed","template":"","meta":{"footnotes":""},"class_list":["post-13344","page","type-page","status-publish","hentry"],"_links":{"self":[{"href":"https:\/\/scperu.com\/index.php?rest_route=\/wp\/v2\/pages\/13344","targetHints":{"allow":["GET"]}}],"collection":[{"href":"https:\/\/scperu.com\/index.php?rest_route=\/wp\/v2\/pages"}],"about":[{"href":"https:\/\/scperu.com\/index.php?rest_route=\/wp\/v2\/types\/page"}],"author":[{"embeddable":true,"href":"https:\/\/scperu.com\/index.php?rest_route=\/wp\/v2\/users\/1"}],"replies":[{"embeddable":true,"href":"https:\/\/scperu.com\/index.php?rest_route=%2Fwp%2Fv2%2Fcomments&post=13344"}],"version-history":[{"count":81,"href":"https:\/\/scperu.com\/index.php?rest_route=\/wp\/v2\/pages\/13344\/revisions"}],"predecessor-version":[{"id":13835,"href":"https:\/\/scperu.com\/index.php?rest_route=\/wp\/v2\/pages\/13344\/revisions\/13835"}],"wp:attachment":[{"href":"https:\/\/scperu.com\/index.php?rest_route=%2Fwp%2Fv2%2Fmedia&parent=13344"}],"curies":[{"name":"wp","href":"https:\/\/api.w.org\/{rel}","templated":true}]}}