{"id":13380,"date":"2023-04-26T00:56:12","date_gmt":"2023-04-26T05:56:12","guid":{"rendered":"https:\/\/www.vzcontadores.com\/nueva\/?page_id=13380"},"modified":"2024-02-08T16:08:02","modified_gmt":"2024-02-08T21:08:02","slug":"servicio-consultoria-asesoria-contable-tributaria","status":"publish","type":"page","link":"https:\/\/scperu.com\/?page_id=13380","title":{"rendered":"Soluci\u00f3n de Respaldo y Recuperaci\u00f3n de Informaci\u00f3n"},"content":{"rendered":"<section class=\"wpb-content-wrapper\"><p>[vc_row][vc_column]\r\n\t<div class=\"prelude-spacer clearfix\" data-desktop=\"97\" data-mobi=\"60\" data-smobi=\"60\"><\/div><div class=\"prelude-headings clearfix \" data-font=14 style=\"\"><h3 class=\"heading clearfix \" style=\"font-weight:500;color:#263781;letter-spacing:0.25px;margin-bottom:15px;font-size:14px;\">\r\n\t\tProtegemos lo que m\u00e1s importa para su negocio.\r\n\t<\/h3><\/div>[vc_column_text]<\/p>\n<h3 style=\"max-width: 700px; font-weight: 600; margin-bottom: 0;\"><span style=\"font-weight: 300;\"> Nuestras soluciones de respaldo aseguran <\/span> la continuidad operativa y la r\u00e1pida recuperaci\u00f3n de datos <span style=\"font-weight: 300;\">en caso de cualquier eventualidad.<\/span><\/h3>\n<p>[\/vc_column_text][vc_row_inner disable_element=\u00bbyes\u00bb][vc_column_inner width=\u00bb1\/2&#8243;][vc_column_text]<\/p>\n<div style=\"color: #5e5d6c; font-size: 18px; line-height: 27px; font-weight: 600; margin-bottom: 27px;\"><span>Brindamos soluciones eficaces y personalizadas a nuestros clientes.<\/span><\/div>\n<div style=\"color: #5e5d6c; font-size: 18px; line-height: 27px;\">\n<p style=\"text-align: justify;\"><span>Con un equipo de profesionales altamente capacitados y una amplia experiencia en el \u00e1rea, ofrecemos servicios de calidad en materia contable, fiscal y tributaria. Adem\u00e1s, nos enfocamos en mantenernos actualizados con las \u00faltimas normativas y cambios en el marco legal, garantizando as\u00ed una asesor\u00eda de vanguardia y a la medida de cada empresa o persona. \u00a1Conf\u00eda en nosotros para llevar tu negocio al \u00e9xito financiero!<\/span><\/p>\n<\/div>\n<p>[\/vc_column_text]\r\n\t<div class=\"prelude-spacer clearfix\" data-desktop=\"80\" data-mobi=\"50\" data-smobi=\"50\"><\/div>[\/vc_column_inner][vc_column_inner width=\u00bb1\/2&#8243;]\r\n\t<div class=\"prelude-parallax-box\"><div class=\"parallax-wrap\"><div class=\"prelude-parallax-item has-width\" style=\"left:80%;margin-top:15%;width:59%;border-radius:7px;box-shadow: 0px 10px 90px 0px rgba(110,123,131,0.2);\" data-parallax='{\"y\" : -40, \"smoothness\" : 40}' data-top=\"15%\"><img decoding=\"async\" class=\"parallax-image\" src=\"https:\/\/scperu.com\/wp-content\/uploads\/2023\/05\/rendimiento-grafico-digital-superposicion-manos-empresario.jpg\" alt=\"image\"><\/div><div class=\"prelude-parallax-item has-width\" style=\"left:55%;margin-top:15%;width:59%;border-radius:7px;box-shadow: 0px 10px 90px 0px rgba(110,123,131,0.2);\" data-parallax='{\"y\" : -140, \"smoothness\" : 40}' data-top=\"15%\"><img decoding=\"async\" class=\"parallax-image\" src=\"https:\/\/scperu.com\/wp-content\/uploads\/2023\/05\/primer-plano-boligrafo-sobre-informe-economico-ventana-fondo.jpg\" alt=\"image\"><\/div><div class=\"prelude-parallax-item has-width\" style=\"left:4%;margin-top:2%;width:65%;border-radius:7px;box-shadow: 0px 10px 90px 0px rgba(110,123,131,0.2);\" data-parallax='{\"y\" : -80, \"smoothness\" : 20}' data-top=\"2%\"><img decoding=\"async\" class=\"parallax-image\" src=\"https:\/\/scperu.com\/wp-content\/uploads\/2023\/05\/companeros.jpg\" alt=\"image\"><\/div><\/div><\/div>[\/vc_column_inner][\/vc_row_inner]\r\n\t<div class=\"prelude-spacer clearfix\" data-desktop=\"100\" data-mobi=\"60\" data-smobi=\"60\"><\/div>[\/vc_column][\/vc_row][vc_row full_width=\u00bbstretch_row\u00bb css=\u00bb.vc_custom_1578561984213{background-image: url(http:\/\/ninzio.com\/prelude\/wp-content\/uploads\/2020\/01\/section-bg1-1.jpg?id=12837) !important;background-position: center !important;background-repeat: no-repeat !important;background-size: cover !important;}\u00bb][vc_column]\r\n\t<div class=\"prelude-spacer clearfix\" data-desktop=\"100\" data-mobi=\"60\" data-smobi=\"60\"><\/div>[vc_row_inner][vc_column_inner width=\u00bb1\/2&#8243;]<div class=\"prelude-headings clearfix \" data-font=42 data-mfont=40 style=\"\"><h2 class=\"heading clearfix \" style=\"font-weight:600;color:#fefefe;font-size:42px;\">\r\n\t\tLa protecci\u00f3n de datos es esencial para el \u00e9xito a largo plazo de su empresa.\r\n\t<\/h2><\/div>[\/vc_column_inner][vc_column_inner width=\u00bb1\/2&#8243;]\r\n\t<div class=\"prelude-spacer clearfix\" data-desktop=\"44\" data-mobi=\"30\" data-smobi=\"30\"><\/div>[vc_column_text]<\/p>\n<div style=\"color: #fefefe;\">Conf\u00ede en nosotros para ofrecer soluciones de Respaldo y Recuperaci\u00f3n de la Informaci\u00f3n que le brinden tranquilidad y le permitan concentrarse en hacer crecer su negocio.<\/div>\n<p>[\/vc_column_text][\/vc_column_inner][\/vc_row_inner]\r\n\t<div class=\"prelude-spacer clearfix\" data-desktop=\"86\" data-mobi=\"50\" data-smobi=\"50\"><\/div>[vc_row_inner][vc_column_inner width=\u00bb1\/2&#8243;]<div class=\"prelude-content-box clearfix \" data-padding=\"0px 0px 0px 35px\" data-mobipadding=\"0px 0px 0px 0px\" data-margin=\"\" data-mobimargin=\"\" >\r\n\t\t<div class=\"inner ctb-979091933\" style=\"\"  data-background=\"\">\r\n\t\t\t<div class=\"prelude-simple-image simple \" style=\" max-width:200px;\">\r\n\t\t\t\t<img decoding=\"async\" alt=\"image\" src=\"https:\/\/scperu.com\/wp-content\/uploads\/2023\/11\/logo-arcserver.png\" \/> \r\n\t\t\t<\/div>\r\n\t<div class=\"prelude-spacer clearfix\" data-desktop=\"20\" data-mobi=\"50\" data-smobi=\"50\"><\/div><div class=\"prelude-headings clearfix \" data-font=22 style=\"\"><h2 class=\"heading clearfix \" style=\"font-weight:600;color:#ffffff;margin-bottom:17px;font-size:22px;\">\r\n\t\t\u00bfPor qu\u00e9 Arcserve para protecci\u00f3n de datos?\r\n\t<\/h2><div class=\"extra-content clearfix\" style=\"\">\r\n\t\t<p style=\"text-align: justify; color: #ffffff;\">Para un partner confiable en <strong>protecci\u00f3n de datos<\/strong> y <strong>continuidad de negocio<\/strong>, no busque m\u00e1s que Arcserve. Nuestro objetivo incansable es innovar para garantizar que sus datos,aquello que no tiene precio, no solamente est\u00e9n protegidos ahora y en <strong>el futuro<\/strong>, para su <strong>tranquilidad<\/strong>.<\/p>\n\r\n\t<\/div><\/div>\r\n\t\t<\/div>\r\n\t<\/div>\r\n\t<div class=\"prelude-spacer clearfix\" data-desktop=\"40\" data-mobi=\"30\" data-smobi=\"30\"><\/div><div class=\"prelude-content-box clearfix \" data-padding=\"0px 0px 0px 35px\" data-mobipadding=\"0px 0px 0px 0px\" data-margin=\"\" data-mobimargin=\"\" >\r\n\t\t<div class=\"inner ctb-22119139\" style=\"\"  data-background=\"\">\r\n\t\t\t<div class=\"prelude-simple-image simple \" style=\" max-width:200px;\">\r\n\t\t\t\t<img decoding=\"async\" alt=\"image\" src=\"https:\/\/scperu.com\/wp-content\/uploads\/2023\/11\/logo-veeam.png\" \/> \r\n\t\t\t<\/div>\r\n\t<div class=\"prelude-spacer clearfix\" data-desktop=\"20\" data-mobi=\"50\" data-smobi=\"50\"><\/div><div class=\"prelude-headings clearfix \" data-font=22 style=\"\"><h2 class=\"heading clearfix \" style=\"font-weight:600;color:#ffffff;margin-bottom:17px;font-size:22px;\">\r\n\t\tVeeam\r\n\t<\/h2><p class=\"sub-heading clearfix\" style=\"font-style:normal;color:#fefefe;\">\r\n\t\tVirtualizaci\u00f3n Eficiente: Veeam se especializa en soluciones de respaldo y recuperaci\u00f3n dise\u00f1adas espec\u00edficamente para entornos virtualizados, optimizando la eficiencia y minimizando el tiempo de inactividad.\r\n\t<\/p><\/div>\r\n\t\t<\/div>\r\n\t<\/div>\r\n\t<div class=\"prelude-spacer clearfix\" data-desktop=\"0\" data-mobi=\"30\" data-smobi=\"30\"><\/div>[\/vc_column_inner][vc_column_inner width=\u00bb1\/2&#8243;]<div class=\"prelude-content-box clearfix \" data-padding=\"0px 0px 0px 35px\" data-mobipadding=\"0px 0px 0px 0px\" data-margin=\"\" data-mobimargin=\"\" >\r\n\t\t<div class=\"inner ctb-1045204500\" style=\"\"  data-background=\"\">\r\n\t\t\t<div class=\"prelude-simple-image simple \" style=\" max-width:190px;\">\r\n\t\t\t\t<img decoding=\"async\" alt=\"image\" src=\"https:\/\/scperu.com\/wp-content\/uploads\/2023\/11\/logo-commvault.png\" \/> \r\n\t\t\t<\/div>\r\n\t<div class=\"prelude-spacer clearfix\" data-desktop=\"20\" data-mobi=\"50\" data-smobi=\"50\"><\/div><div class=\"prelude-headings clearfix \" data-font=22 style=\"\"><h2 class=\"heading clearfix \" style=\"font-weight:600;color:#ffffff;margin-bottom:17px;font-size:22px;\">\r\n\t\tCoomvault\r\n\t<\/h2><p class=\"sub-heading clearfix\" style=\"font-style:normal;color:#fefefe;\">\r\n\t\tGesti\u00f3n Centralizada: Con Coomvault se destaca por su enfoque de gesti\u00f3n centralizada, permitiendo gestionar y administrar de manera eficiente sus datos, las cuales van desde el respaldo y recuperaci\u00f3n, todo en una plataforma unificada que integran una soluci\u00f3n completa y efectiva.\r\n\t<\/p><\/div>\r\n\t\t<\/div>\r\n\t<\/div>\r\n\t<div class=\"prelude-spacer clearfix\" data-desktop=\"40\" data-mobi=\"30\" data-smobi=\"30\"><\/div><div class=\"prelude-content-box clearfix \" data-padding=\"0px 0px 0px 35px\" data-mobipadding=\"0px 0px 0px 0px\" data-margin=\"\" data-mobimargin=\"\" >\r\n\t\t<div class=\"inner ctb-1997685571\" style=\"\"  data-background=\"\">\r\n\t\t\t<div class=\"prelude-simple-image simple \" style=\" max-width:200px;\">\r\n\t\t\t\t<img decoding=\"async\" alt=\"image\" src=\"https:\/\/scperu.com\/wp-content\/uploads\/2023\/11\/logo-veritas.png\" \/> \r\n\t\t\t<\/div>\r\n\t<div class=\"prelude-spacer clearfix\" data-desktop=\"20\" data-mobi=\"50\" data-smobi=\"50\"><\/div><div class=\"prelude-headings clearfix \" data-font=22 style=\"\"><h2 class=\"heading clearfix \" style=\"font-weight:600;color:#ffffff;margin-bottom:17px;font-size:22px;\">\r\n\t\tVeritas\r\n\t<\/h2><p class=\"sub-heading clearfix\" style=\"font-style:normal;color:#fefefe;\">\r\n\t\tSeguridad y Escalabilidad: Veritas proporciona soluciones de respaldo y recuperaci\u00f3n que se destacan por su enfoque en la seguridad de datos y la escalabilidad, adapt\u00e1ndose a las necesidades cambiantes de las empresas en crecimiento.\r\n\t<\/p><\/div>\r\n\t\t<\/div>\r\n\t<\/div>[\/vc_column_inner][\/vc_row_inner]\r\n\t<div class=\"prelude-spacer clearfix\" data-desktop=\"362\" data-mobi=\"342\" data-smobi=\"342\"><\/div>[\/vc_column][\/vc_row][vc_row][vc_column]<div class=\"prelude-content-box clearfix  wow fadeInDown\" data-padding=\"\" data-mobipadding=\"0px 30px 0px 30px\" data-margin=\"-270px 0 0 0\" data-mobimargin=\"-270px 0 0 0\"  data-wow-duration=\"0.75s\" data-wow-delay=\"0.3s\">\r\n\t\t<div class=\"inner ctb-1032023101\" style=\"background:url(https:\/\/scperu.com\/wp-content\/uploads\/2023\/11\/tecnologia-fondo-naranja@3x-100-min.jpg) left top no-repeat;background-size:cover;\"  data-background=\"#e08e00\" data-rounded=\"7px\">\r\n\t\t\t\r\n\t<div class=\"prelude-spacer clearfix\" data-desktop=\"60\" data-mobi=\"60\" data-smobi=\"60\"><\/div>[vc_column_text]<\/p>\n<h3 class=\"text-white\" style=\"max-width: 700px; margin: 0 auto; text-align: center; font-weight: 600;\">Obtenga una asesor\u00eda personalizada, <span style=\"font-weight: 300;\">cont\u00e1ctenos y conozca m\u00e1s de nuestras soluciones.<\/span><\/h3>\n<p>[\/vc_column_text]\r\n\t<div class=\"prelude-spacer clearfix\" data-desktop=\"37\" data-mobi=\"37\" data-smobi=\"37\"><\/div><div class=\"prelude-align-box text-center\"><div class=\"button-wrap icon-right\" style=\"\" ><a href=\"https:\/\/plus.pe\/spectrum\/?page_id=13447\" target=\"_self\" class=\"prelude-button btn-2137464571 medium no_icon custom custom\" style=\"border-radius:3px;\"  data-background=\"#ffffff\" data-text=\"#696969\" data-text-hover=\"#ffffff\" data-background-hover=\"#39374d\">\r\n\t\t<span style=\"\">Cont\u00e1ctenos <\/span>\r\n\t<\/a><\/div><\/div>\r\n\t<div class=\"prelude-spacer clearfix\" data-desktop=\"70\" data-mobi=\"60\" data-smobi=\"60\"><\/div>\r\n\t\t<\/div>\r\n\t<\/div>\r\n\t<div class=\"prelude-spacer clearfix\" data-desktop=\"86\" data-mobi=\"60\" data-smobi=\"60\"><\/div>[vc_row_inner][vc_column_inner width=\u00bb1\/4&#8243;]<div class=\"prelude-counter clearfix style-1 text-center\"  data-font=52><div class=\"inner\"><div class=\"icon-wrap\"><\/div><div class=\"text-wrap\"><h3 class=\"number-wrap heading\" style=\"font-weight:400;margin-bottom:10px;font-size:52px;\"><span class=\"prefix \" style=\"\"><\/span><span class=\"number accent\" data-decimals=\"0\" data-speed=\"5000\" data-from=\"0\" data-to=\"500\"> 500<\/span><span class=\"suffix accent\" style=\"\">+<\/span><\/h3><h4 class=\"title\" style=\"font-weight:500;font-size:22px;margin-bottom:15px;\">\r\n\t\tSoluciones Ejecutadas\r\n\t<\/h4><\/div><\/div><\/div>\r\n\t<div class=\"prelude-spacer clearfix\" data-desktop=\"0\" data-mobi=\"30\" data-smobi=\"30\"><\/div>[\/vc_column_inner][vc_column_inner width=\u00bb1\/4&#8243;]<div class=\"prelude-counter clearfix style-1 text-center\"  data-font=52><div class=\"inner\"><div class=\"icon-wrap\"><\/div><div class=\"text-wrap\"><h3 class=\"number-wrap heading\" style=\"font-weight:400;margin-bottom:10px;font-size:52px;\"><span class=\"prefix \" style=\"\"><\/span><span class=\"number accent\" data-decimals=\"1\" data-speed=\"5000\" data-from=\"0\" data-to=\"1.2\"> 1.2<\/span><span class=\"suffix accent\" style=\"\">k<\/span><\/h3><h4 class=\"title\" style=\"font-weight:500;font-size:22px;margin-bottom:15px;\">\r\n\t\tClientes satisfechos\r\n\t<\/h4><\/div><\/div><\/div>\r\n\t<div class=\"prelude-spacer clearfix\" data-desktop=\"0\" data-mobi=\"30\" data-smobi=\"30\"><\/div>[\/vc_column_inner][vc_column_inner width=\u00bb1\/4&#8243;]<div class=\"prelude-counter clearfix style-1 text-center\"  data-font=52><div class=\"inner\"><div class=\"icon-wrap\"><\/div><div class=\"text-wrap\"><h3 class=\"number-wrap heading\" style=\"font-weight:400;margin-bottom:10px;font-size:52px;\"><span class=\"prefix \" style=\"\"><\/span><span class=\"number accent\" data-decimals=\"0\" data-speed=\"5000\" data-from=\"0\" data-to=\"95\"> 95<\/span><span class=\"suffix accent\" style=\"\">%<\/span><\/h3><h4 class=\"title\" style=\"font-weight:500;font-size:22px;margin-bottom:15px;\">\r\n\t\tSatisfacci\u00f3n del Cliente\r\n\t<\/h4><\/div><\/div><\/div>\r\n\t<div class=\"prelude-spacer clearfix\" data-desktop=\"0\" data-mobi=\"30\" data-smobi=\"30\"><\/div>[\/vc_column_inner][vc_column_inner width=\u00bb1\/4&#8243;]<div class=\"prelude-counter clearfix style-1 text-center\"  data-font=52><div class=\"inner\"><div class=\"icon-wrap\"><\/div><div class=\"text-wrap\"><h3 class=\"number-wrap heading\" style=\"font-weight:400;margin-bottom:10px;font-size:52px;\"><span class=\"prefix \" style=\"\"><\/span><span class=\"number accent\" data-decimals=\"0\" data-speed=\"5000\" data-from=\"0\" data-to=\"100\"> 100<\/span><span class=\"suffix accent\" style=\"\">+<\/span><\/h3><h4 class=\"title\" style=\"font-weight:500;font-size:22px;margin-bottom:15px;\">\r\n\t\tMarcas representadas\r\n\t<\/h4><\/div><\/div><\/div>[\/vc_column_inner][\/vc_row_inner]\r\n\t<div class=\"prelude-spacer clearfix\" data-desktop=\"80\" data-mobi=\"60\" data-smobi=\"60\"><\/div>[\/vc_column][\/vc_row][vc_row parallax=\u00bbcontent-moving\u00bb full_width=\u00bbstretch_row\u00bb css=\u00bb.vc_custom_1682487748636{background-image: url(https:\/\/www.vzcontadores.com\/nueva\/wp-content\/uploads\/2023\/04\/papeleo-financiero-contable-2.jpg?id=13373) !important;background-position: center;background-repeat: no-repeat !important;background-size: cover !important;}\u00bb][vc_column]\r\n\t<div class=\"prelude-spacer clearfix\" data-desktop=\"130\" data-mobi=\"60\" data-smobi=\"60\"><\/div>[vc_row_inner][vc_column_inner width=\u00bb7\/12&#8243;][vc_column_text]<\/p>\n<h2 class=\"text-white\" style=\"max-width: 600px; font-weight: 300; margin-bottom: 20px;\">Conoce m\u00e1s de nuestras <span style=\"font-weight: 600;\">servicios especializados<\/span><\/h2>\n<p>[\/vc_column_text][\/vc_column_inner][vc_column_inner width=\u00bb5\/12&#8243;]<div class=\"prelude-align-box text-center\">\r\n\t<div class=\"prelude-spacer clearfix\" data-desktop=\"50\" data-mobi=\"60\" data-smobi=\"60\"><\/div><div class=\"button-wrap icon-right\" style=\"\" ><a href=\"\" target=\"_self\" class=\"prelude-button btn-590105403 medium no_icon accent custom\" style=\"border-radius:3px;\"  data-text=\"#ffffff\" data-text-hover=\"#39374d\" data-background-hover=\"#ffffff\">\r\n\t\t<span style=\"\">Ver Servicios <\/span>\r\n\t<\/a><\/div><\/div>[\/vc_column_inner][\/vc_row_inner]\r\n\t<div class=\"prelude-spacer clearfix\" data-desktop=\"140\" data-mobi=\"60\" data-smobi=\"60\"><\/div>[\/vc_column][\/vc_row]<\/p>\n<\/section>","protected":false},"excerpt":{"rendered":"<p>[vc_row][vc_column][vc_column_text] Nuestras soluciones de respaldo aseguran la continuidad operativa y la r\u00e1pida recuperaci\u00f3n de datos en caso de cualquier eventualidad. [\/vc_column_text][vc_row_inner disable_element=\u00bbyes\u00bb][vc_column_inner width=\u00bb1\/2&#8243;][vc_column_text] Brindamos soluciones eficaces y personalizadas a nuestros clientes. Con un equipo de profesionales altamente capacitados y una amplia experiencia en el \u00e1rea, ofrecemos servicios de calidad en<\/p>\n","protected":false},"author":1,"featured_media":0,"parent":0,"menu_order":0,"comment_status":"closed","ping_status":"closed","template":"","meta":{"footnotes":""},"class_list":["post-13380","page","type-page","status-publish","hentry"],"_links":{"self":[{"href":"https:\/\/scperu.com\/index.php?rest_route=\/wp\/v2\/pages\/13380","targetHints":{"allow":["GET"]}}],"collection":[{"href":"https:\/\/scperu.com\/index.php?rest_route=\/wp\/v2\/pages"}],"about":[{"href":"https:\/\/scperu.com\/index.php?rest_route=\/wp\/v2\/types\/page"}],"author":[{"embeddable":true,"href":"https:\/\/scperu.com\/index.php?rest_route=\/wp\/v2\/users\/1"}],"replies":[{"embeddable":true,"href":"https:\/\/scperu.com\/index.php?rest_route=%2Fwp%2Fv2%2Fcomments&post=13380"}],"version-history":[{"count":45,"href":"https:\/\/scperu.com\/index.php?rest_route=\/wp\/v2\/pages\/13380\/revisions"}],"predecessor-version":[{"id":13892,"href":"https:\/\/scperu.com\/index.php?rest_route=\/wp\/v2\/pages\/13380\/revisions\/13892"}],"wp:attachment":[{"href":"https:\/\/scperu.com\/index.php?rest_route=%2Fwp%2Fv2%2Fmedia&parent=13380"}],"curies":[{"name":"wp","href":"https:\/\/api.w.org\/{rel}","templated":true}]}}