{"id":13728,"date":"2023-11-27T14:24:15","date_gmt":"2023-11-27T19:24:15","guid":{"rendered":"http:\/\/localhost\/spectrum\/?page_id=13728"},"modified":"2024-01-26T13:34:35","modified_gmt":"2024-01-26T18:34:35","slug":"solucion-de-respaldo-y-recuperacion-de-informacion-duplicate-1","status":"publish","type":"page","link":"https:\/\/scperu.com\/?page_id=13728","title":{"rendered":"Soluci\u00f3n Virtualizacion"},"content":{"rendered":"<section class=\"wpb-content-wrapper\"><p>[vc_row][vc_column]\r\n\t<div class=\"prelude-spacer clearfix\" data-desktop=\"97\" data-mobi=\"60\" data-smobi=\"60\"><\/div>[\/vc_column][\/vc_row][vc_row][vc_column width=\u00bb2\/3&#8243;]<div class=\"prelude-headings clearfix \" data-font=14 style=\"\"><h3 class=\"heading clearfix \" style=\"font-weight:500;color:#263781;letter-spacing:0.25px;margin-bottom:15px;font-size:14px;\">\r\n\t\tImpulsamos la transformaci\u00f3n de su infraestructura tecnol\u00f3gica.\r\n\t<\/h3><\/div>[vc_column_text]<\/p>\n<h5 style=\"max-width: 700px; font-weight: 600; margin-bottom: 0;\"><span style=\"font-weight: 300;\">La virtualizaci\u00f3n es una piedra angular para <\/span> optimizar la eficiencia operativa <span style=\"font-weight: 300;\">y preparar su empresa para el futuro digital, ofreciendo soluciones adaptadas a sus necesidades y aprovechando <\/span>la potente herramienta VMware.<\/h5>\n<p>[\/vc_column_text][vc_row_inner disable_element=\u00bbyes\u00bb][vc_column_inner width=\u00bb1\/2&#8243;][vc_column_text]<\/p>\n<div style=\"color: #5e5d6c; font-size: 18px; line-height: 27px; font-weight: 600; margin-bottom: 27px;\"><span>Brindamos soluciones eficaces y personalizadas a nuestros clientes.<\/span><\/div>\n<div style=\"color: #5e5d6c; font-size: 18px; line-height: 27px;\">\n<p style=\"text-align: justify;\"><span>Con un equipo de profesionales altamente capacitados y una amplia experiencia en el \u00e1rea, ofrecemos servicios de calidad en materia contable, fiscal y tributaria. Adem\u00e1s, nos enfocamos en mantenernos actualizados con las \u00faltimas normativas y cambios en el marco legal, garantizando as\u00ed una asesor\u00eda de vanguardia y a la medida de cada empresa o persona. \u00a1Conf\u00eda en nosotros para llevar tu negocio al \u00e9xito financiero!<\/span><\/p>\n<\/div>\n<p>[\/vc_column_text]\r\n\t<div class=\"prelude-spacer clearfix\" data-desktop=\"80\" data-mobi=\"50\" data-smobi=\"50\"><\/div>[\/vc_column_inner][vc_column_inner width=\u00bb1\/2&#8243;]\r\n\t<div class=\"prelude-parallax-box\"><div class=\"parallax-wrap\"><div class=\"prelude-parallax-item has-width\" style=\"left:80%;margin-top:15%;width:59%;border-radius:7px;box-shadow: 0px 10px 90px 0px rgba(110,123,131,0.2);\" data-parallax='{\"y\" : -40, \"smoothness\" : 40}' data-top=\"15%\"><img decoding=\"async\" class=\"parallax-image\" src=\"https:\/\/scperu.com\/wp-content\/uploads\/2023\/05\/rendimiento-grafico-digital-superposicion-manos-empresario.jpg\" alt=\"image\"><\/div><div class=\"prelude-parallax-item has-width\" style=\"left:55%;margin-top:15%;width:59%;border-radius:7px;box-shadow: 0px 10px 90px 0px rgba(110,123,131,0.2);\" data-parallax='{\"y\" : -140, \"smoothness\" : 40}' data-top=\"15%\"><img decoding=\"async\" class=\"parallax-image\" src=\"https:\/\/scperu.com\/wp-content\/uploads\/2023\/05\/primer-plano-boligrafo-sobre-informe-economico-ventana-fondo.jpg\" alt=\"image\"><\/div><div class=\"prelude-parallax-item has-width\" style=\"left:4%;margin-top:2%;width:65%;border-radius:7px;box-shadow: 0px 10px 90px 0px rgba(110,123,131,0.2);\" data-parallax='{\"y\" : -80, \"smoothness\" : 20}' data-top=\"2%\"><img decoding=\"async\" class=\"parallax-image\" src=\"https:\/\/scperu.com\/wp-content\/uploads\/2023\/05\/companeros.jpg\" alt=\"image\"><\/div><\/div><\/div>[\/vc_column_inner][\/vc_row_inner]\r\n\t<div class=\"prelude-spacer clearfix\" data-desktop=\"100\" data-mobi=\"60\" data-smobi=\"60\"><\/div>[\/vc_column][vc_column width=\u00bb1\/3&#8243; css=\u00bb.vc_custom_1701130790213{padding-top: 70px !important;}\u00bb]<div class=\"prelude-simple-image simple \" style=\"text-align:center; margin:0 auto;\">\r\n\t\t\t\t<img decoding=\"async\" alt=\"image\" src=\"https:\/\/scperu.com\/wp-content\/uploads\/2024\/01\/logo-vmware-c.png\" \/> \r\n\t\t\t<\/div>[\/vc_column][\/vc_row][vc_row full_width=\u00bbstretch_row\u00bb css=\u00bb.vc_custom_1578561984213{background-image: url(http:\/\/ninzio.com\/prelude\/wp-content\/uploads\/2020\/01\/section-bg1-1.jpg?id=12837) !important;background-position: center !important;background-repeat: no-repeat !important;background-size: cover !important;}\u00bb][vc_column]\r\n\t<div class=\"prelude-spacer clearfix\" data-desktop=\"100\" data-mobi=\"60\" data-smobi=\"60\"><\/div>[vc_row_inner][vc_column_inner width=\u00bb1\/2&#8243;]<div class=\"prelude-headings clearfix \" data-font=42 data-mfont=40 style=\"\"><h2 class=\"heading clearfix \" style=\"font-weight:600;color:#fefefe;font-size:42px;\">\r\n\t\tAlcance nuevos niveles de eficiencia y flexibilidad con nuestra soluci\u00f3n de Virtualizaci\u00f3n.\r\n\t<\/h2><\/div>[\/vc_column_inner][vc_column_inner width=\u00bb1\/2&#8243;]\r\n\t<div class=\"prelude-spacer clearfix\" data-desktop=\"44\" data-mobi=\"30\" data-smobi=\"30\"><\/div>[vc_column_text css_animation=\u00bbfadeInRightBig\u00bb]<\/p>\n<div style=\"color: #fefefe; font-size: 25px;\">La mejor soluci\u00f3n de virtualizaci\u00f3n l\u00edder en la industria, respaldadas por la potente tecnolog\u00eda de VMware.<\/div>\n<p>[\/vc_column_text][\/vc_column_inner][\/vc_row_inner]\r\n\t<div class=\"prelude-spacer clearfix\" data-desktop=\"86\" data-mobi=\"50\" data-smobi=\"50\"><\/div>[vc_row_inner][vc_column_inner width=\u00bb1\/2&#8243;]<div class=\"prelude-content-box clearfix \" data-padding=\"0px 0px 0px 35px\" data-mobipadding=\"0px 0px 0px 0px\" data-margin=\"\" data-mobimargin=\"\" >\r\n\t\t<div class=\"inner ctb-576368735\" style=\"\"  data-background=\"\">\r\n\t\t\t\r\n\t<div class=\"prelude-spacer clearfix\" data-desktop=\"20\" data-mobi=\"50\" data-smobi=\"50\"><\/div><div class=\"prelude-headings clearfix \" data-font=22 style=\"\"><h2 class=\"heading clearfix \" style=\"font-weight:600;color:#ffffff;margin-bottom:17px;font-size:22px;\">\r\n\t\tImplementaci\u00f3n\r\n\t<\/h2><p class=\"sub-heading clearfix\" style=\"font-style:normal;color:#fefefe;\">\r\n\t\tVMware proporciona un entorno virtual seguro y escalable, permiti\u00e9ndole maximizar los recursos de hardware y simplificar la administraci\u00f3n de sistemas.\r\n\t<\/p><\/div>\r\n\t\t<\/div>\r\n\t<\/div>\r\n\t<div class=\"prelude-spacer clearfix\" data-desktop=\"40\" data-mobi=\"30\" data-smobi=\"30\"><\/div><div class=\"prelude-content-box clearfix \" data-padding=\"0px 0px 0px 35px\" data-mobipadding=\"0px 0px 0px 0px\" data-margin=\"\" data-mobimargin=\"\" >\r\n\t\t<div class=\"inner ctb-1260173671\" style=\"\"  data-background=\"\">\r\n\t\t\t\r\n\t<div class=\"prelude-spacer clearfix\" data-desktop=\"20\" data-mobi=\"50\" data-smobi=\"50\"><\/div><div class=\"prelude-headings clearfix \" data-font=22 style=\"\"><h2 class=\"heading clearfix \" style=\"font-weight:600;color:#ffffff;margin-bottom:17px;font-size:22px;\">\r\n\t\tMayor Flexibilidad y Agilidad\r\n\t<\/h2><p class=\"sub-heading clearfix\" style=\"font-style:normal;color:#fefefe;\">\r\n\t\tLa agilidad mejorada permite desplegar r\u00e1pidamente nuevas aplicaciones y servicios, manteniendo su empresa competitiva en un entorno empresarial din\u00e1mico.\r\n\t<\/p><\/div>\r\n\t\t<\/div>\r\n\t<\/div>\r\n\t<div class=\"prelude-spacer clearfix\" data-desktop=\"0\" data-mobi=\"30\" data-smobi=\"30\"><\/div>[\/vc_column_inner][vc_column_inner width=\u00bb1\/2&#8243;]<div class=\"prelude-content-box clearfix \" data-padding=\"0px 0px 0px 35px\" data-mobipadding=\"0px 0px 0px 0px\" data-margin=\"\" data-mobimargin=\"\" >\r\n\t\t<div class=\"inner ctb-2074576208\" style=\"\"  data-background=\"\">\r\n\t\t\t\r\n\t<div class=\"prelude-spacer clearfix\" data-desktop=\"20\" data-mobi=\"50\" data-smobi=\"50\"><\/div><div class=\"prelude-headings clearfix \" data-font=22 style=\"\"><h2 class=\"heading clearfix \" style=\"font-weight:600;color:#ffffff;margin-bottom:17px;font-size:22px;\">\r\n\t\tOptimizaci\u00f3n de Recursos\r\n\t<\/h2><p class=\"sub-heading clearfix\" style=\"font-style:normal;color:#fefefe;\">\r\n\t\tNuestra virtualizaci\u00f3n reduce la dependencia de hardware f\u00edsico, lo que resulta en una utilizaci\u00f3n m\u00e1s eficiente de los recursos.\r\n\t<\/p><\/div>\r\n\t\t<\/div>\r\n\t<\/div>\r\n\t<div class=\"prelude-spacer clearfix\" data-desktop=\"40\" data-mobi=\"30\" data-smobi=\"30\"><\/div><div class=\"prelude-content-box clearfix \" data-padding=\"0px 0px 0px 35px\" data-mobipadding=\"0px 0px 0px 0px\" data-margin=\"\" data-mobimargin=\"\" >\r\n\t\t<div class=\"inner ctb-1003941916\" style=\"\"  data-background=\"\">\r\n\t\t\t\r\n\t<div class=\"prelude-spacer clearfix\" data-desktop=\"20\" data-mobi=\"50\" data-smobi=\"50\"><\/div><div class=\"prelude-headings clearfix \" data-font=22 style=\"\"><h2 class=\"heading clearfix \" style=\"font-weight:600;color:#ffffff;margin-bottom:17px;font-size:22px;\">\r\n\t\tResiliencia Empresarial\r\n\t<\/h2><p class=\"sub-heading clearfix\" style=\"font-style:normal;color:#fefefe;\">\r\n\t\tLa virtualizaci\u00f3n a trav\u00e9s de VMware asegura una mayor resiliencia empresarial al proporcionar redundancia y capacidades de recuperaci\u00f3n ante desastres.\r\n\t<\/p><\/div>\r\n\t\t<\/div>\r\n\t<\/div>[\/vc_column_inner][\/vc_row_inner]\r\n\t<div class=\"prelude-spacer clearfix\" data-desktop=\"362\" data-mobi=\"342\" data-smobi=\"342\"><\/div>[\/vc_column][\/vc_row][vc_row][vc_column]<div class=\"prelude-content-box clearfix  wow fadeInDown\" data-padding=\"\" data-mobipadding=\"0px 30px 0px 30px\" data-margin=\"-270px 0 0 0\" data-mobimargin=\"-270px 0 0 0\"  data-wow-duration=\"0.75s\" data-wow-delay=\"0.3s\">\r\n\t\t<div class=\"inner ctb-565711103\" style=\"background:url(https:\/\/scperu.com\/wp-content\/uploads\/2023\/11\/tecnologia-fondo-naranja@3x-100-min.jpg) left top no-repeat;background-size:cover;\"  data-background=\"#e08e00\" data-rounded=\"7px\">\r\n\t\t\t\r\n\t<div class=\"prelude-spacer clearfix\" data-desktop=\"60\" data-mobi=\"60\" data-smobi=\"60\"><\/div>[vc_column_text]<\/p>\n<h3 class=\"text-white\" style=\"max-width: 700px; margin: 0 auto; text-align: center; font-weight: 600;\">Obtenga una asesor\u00eda personalizada, <span style=\"font-weight: 300;\">cont\u00e1ctenos y conozca m\u00e1s de nuestras soluciones.<\/span><\/h3>\n<p>[\/vc_column_text]\r\n\t<div class=\"prelude-spacer clearfix\" data-desktop=\"37\" data-mobi=\"37\" data-smobi=\"37\"><\/div><div class=\"prelude-align-box text-center\"><div class=\"button-wrap icon-right\" style=\"\" ><a href=\"https:\/\/plus.pe\/spectrum\/?page_id=13447\" target=\"_self\" class=\"prelude-button btn-1194256324 medium no_icon custom custom\" style=\"border-radius:3px;\"  data-background=\"#ffffff\" data-text=\"#696969\" data-text-hover=\"#ffffff\" data-background-hover=\"#39374d\">\r\n\t\t<span style=\"\">Cont\u00e1ctenos <\/span>\r\n\t<\/a><\/div><\/div>\r\n\t<div class=\"prelude-spacer clearfix\" data-desktop=\"70\" data-mobi=\"60\" data-smobi=\"60\"><\/div>\r\n\t\t<\/div>\r\n\t<\/div>\r\n\t<div class=\"prelude-spacer clearfix\" data-desktop=\"86\" data-mobi=\"60\" data-smobi=\"60\"><\/div>[vc_column_text]<\/p>\n<h2 style=\"max-width: 800px; text-align: center; font-weight: 600; margin: 0 auto 10px;\"><span style=\"font-weight: 300;\">Beneficios de la <\/span>Virtualizaci\u00f3n<\/h2>\n<p>[\/vc_column_text]\r\n\t<div class=\"prelude-spacer clearfix\" data-desktop=\"86\" data-mobi=\"60\" data-smobi=\"60\"><\/div>[vc_row_inner][vc_column_inner width=\u00bb1\/3&#8243;]<div class=\"prelude-icon-box clearfix icon-top align-center  link-hover-accent simple\" style=\"\" ><div class=\"wrap-inner\" style=\"position: relative;\"><div class=\"prelude-icon icon-810449420 icon-font custom accent-bg\"  data-icon=\"#ffffff\">\r\n\t\t\t<span class=\"icon\" style=\"font-size:26px;width:60px;height:60px;border-style:solid;border-radius:30px;line-height:60px;\"><i class=\"fas fa-hand-point-down\"><\/i><\/span>\r\n\t\t<\/div> <div class=\"content-wrap\"><h3 class=\"heading \" style=\"font-size:22px;margin-top:25px;margin-bottom:14px;\">\r\n\t\t\t<span>Reducci\u00f3n de Costos<\/span>\r\n\t\t<\/h3><div class=\"desc\" style=\"line-height:26px;margin-bottom:25px;\"><div style=\"max-width: 300px; text-align: center; margin: 0 auto;\">La virtualizaci\u00f3n disminuye los costos asociados con la adquisici\u00f3n y mantenimiento de hardware, permiti\u00e9ndole a su empresa maximizar su presupuesto tecnol\u00f3gico.<\/div>\n<\/div><\/div><\/div><\/div><div class=\"prelude-divider divider-center divider-solid\" style=\"width:30px;border-width:5px;border-top-color:#e7e7e7;margin-top:23px;\"><\/div><div class=\"clearfix\"><\/div>\r\n\t<div class=\"prelude-spacer clearfix\" data-desktop=\"0\" data-mobi=\"30\" data-smobi=\"30\"><\/div>[\/vc_column_inner][vc_column_inner width=\u00bb1\/3&#8243;]<div class=\"prelude-icon-box clearfix icon-top align-center  link-hover-accent simple\" style=\"\" ><div class=\"wrap-inner\" style=\"position: relative;\"><div class=\"prelude-icon icon-1332294419 icon-font custom accent-bg\"  data-icon=\"#ffffff\">\r\n\t\t\t<span class=\"icon\" style=\"font-size:26px;width:60px;height:60px;border-style:solid;border-radius:30px;line-height:60px;\"><i class=\"fas fa-lock\"><\/i><\/span>\r\n\t\t<\/div> <div class=\"content-wrap\"><h3 class=\"heading \" style=\"font-size:22px;margin-top:25px;margin-bottom:14px;\">\r\n\t\t\t<span>Mayor Seguridad<\/span>\r\n\t\t<\/h3><div class=\"desc\" style=\"line-height:26px;margin-bottom:25px;\"><div style=\"max-width: 300px; text-align: center; margin: 0 auto;\">La virtualizaci\u00f3n proporciona un entorno aislado para sus aplicaciones y datos, mejorando la seguridad y reduciendo el riesgo de compromiso de la informaci\u00f3n.<\/div>\n<\/div><\/div><\/div><\/div><div class=\"prelude-divider divider-center divider-solid\" style=\"width:30px;border-width:5px;border-top-color:#e7e7e7;margin-top:23px;\"><\/div><div class=\"clearfix\"><\/div>\r\n\t<div class=\"prelude-spacer clearfix\" data-desktop=\"0\" data-mobi=\"30\" data-smobi=\"30\"><\/div>[\/vc_column_inner][vc_column_inner width=\u00bb1\/3&#8243;]<div class=\"prelude-icon-box clearfix icon-top align-center  link-hover-accent simple\" style=\"\" ><div class=\"wrap-inner\" style=\"position: relative;\"><div class=\"prelude-icon icon-1404363133 icon-font custom accent-bg\"  data-icon=\"#ffffff\">\r\n\t\t\t<span class=\"icon\" style=\"font-size:26px;width:60px;height:60px;border-style:solid;border-radius:30px;line-height:60px;\"><i class=\"preico-startup1\"><\/i><\/span>\r\n\t\t<\/div> <div class=\"content-wrap\"><h3 class=\"heading \" style=\"font-size:22px;margin-top:25px;margin-bottom:14px;\">\r\n\t\t\t<span>Escalabilidad sin Complicaciones<\/span>\r\n\t\t<\/h3><div class=\"desc\" style=\"line-height:26px;margin-bottom:25px;\"><div style=\"max-width: 300px; text-align: center; margin: 0 auto;\">Con la virtualizaci\u00f3n, su empresa puede escalar vertical u horizontalmente de manera f\u00e1cil y r\u00e1pida para satisfacer las crecientes demandas sin enfrentar las limitaciones de la infraestructura f\u00edsica.<\/div>\n<\/div><\/div><\/div><\/div><div class=\"prelude-divider divider-center divider-solid\" style=\"width:30px;border-width:5px;border-top-color:#e7e7e7;margin-top:23px;\"><\/div><div class=\"clearfix\"><\/div>[\/vc_column_inner][\/vc_row_inner]\r\n\t<div class=\"prelude-spacer clearfix\" data-desktop=\"80\" data-mobi=\"60\" data-smobi=\"60\"><\/div>[\/vc_column][\/vc_row][vc_row parallax=\u00bbcontent-moving\u00bb full_width=\u00bbstretch_row\u00bb css=\u00bb.vc_custom_1682487748636{background-image: url(https:\/\/www.vzcontadores.com\/nueva\/wp-content\/uploads\/2023\/04\/papeleo-financiero-contable-2.jpg?id=13373) !important;background-position: center;background-repeat: no-repeat !important;background-size: cover !important;}\u00bb][vc_column]\r\n\t<div class=\"prelude-spacer clearfix\" data-desktop=\"130\" data-mobi=\"60\" data-smobi=\"60\"><\/div>[vc_row_inner][vc_column_inner width=\u00bb7\/12&#8243;][vc_column_text]<\/p>\n<h2 class=\"text-white\" style=\"max-width: 600px; font-weight: 300; margin-bottom: 20px;\">Conoce m\u00e1s de nuestras <span style=\"font-weight: 600;\">servicios especializados<\/span><\/h2>\n<p>[\/vc_column_text][\/vc_column_inner][vc_column_inner width=\u00bb5\/12&#8243;]<div class=\"prelude-align-box text-center\">\r\n\t<div class=\"prelude-spacer clearfix\" data-desktop=\"50\" data-mobi=\"60\" data-smobi=\"60\"><\/div><div class=\"button-wrap icon-right\" style=\"\" ><a href=\"\" target=\"_self\" class=\"prelude-button btn-756860214 medium no_icon accent custom\" style=\"border-radius:3px;\"  data-text=\"#ffffff\" data-text-hover=\"#39374d\" data-background-hover=\"#ffffff\">\r\n\t\t<span style=\"\">Ver Servicios <\/span>\r\n\t<\/a><\/div><\/div>[\/vc_column_inner][\/vc_row_inner]\r\n\t<div class=\"prelude-spacer clearfix\" data-desktop=\"140\" data-mobi=\"60\" data-smobi=\"60\"><\/div>[\/vc_column][\/vc_row]<\/p>\n<\/section>","protected":false},"excerpt":{"rendered":"<p>[vc_row][vc_column][\/vc_column][\/vc_row][vc_row][vc_column width=\u00bb2\/3&#8243;][vc_column_text] La virtualizaci\u00f3n es una piedra angular para optimizar la eficiencia operativa y preparar su empresa para el futuro digital, ofreciendo soluciones adaptadas a sus necesidades y aprovechando la potente herramienta VMware. [\/vc_column_text][vc_row_inner disable_element=\u00bbyes\u00bb][vc_column_inner width=\u00bb1\/2&#8243;][vc_column_text] Brindamos soluciones eficaces y personalizadas a nuestros clientes. Con un equipo de profesionales altamente<\/p>\n","protected":false},"author":1,"featured_media":0,"parent":0,"menu_order":0,"comment_status":"closed","ping_status":"closed","template":"","meta":{"footnotes":""},"class_list":["post-13728","page","type-page","status-publish","hentry"],"_links":{"self":[{"href":"https:\/\/scperu.com\/index.php?rest_route=\/wp\/v2\/pages\/13728","targetHints":{"allow":["GET"]}}],"collection":[{"href":"https:\/\/scperu.com\/index.php?rest_route=\/wp\/v2\/pages"}],"about":[{"href":"https:\/\/scperu.com\/index.php?rest_route=\/wp\/v2\/types\/page"}],"author":[{"embeddable":true,"href":"https:\/\/scperu.com\/index.php?rest_route=\/wp\/v2\/users\/1"}],"replies":[{"embeddable":true,"href":"https:\/\/scperu.com\/index.php?rest_route=%2Fwp%2Fv2%2Fcomments&post=13728"}],"version-history":[{"count":27,"href":"https:\/\/scperu.com\/index.php?rest_route=\/wp\/v2\/pages\/13728\/revisions"}],"predecessor-version":[{"id":13859,"href":"https:\/\/scperu.com\/index.php?rest_route=\/wp\/v2\/pages\/13728\/revisions\/13859"}],"wp:attachment":[{"href":"https:\/\/scperu.com\/index.php?rest_route=%2Fwp%2Fv2%2Fmedia&parent=13728"}],"curies":[{"name":"wp","href":"https:\/\/api.w.org\/{rel}","templated":true}]}}