{"id":13861,"date":"2024-01-26T16:59:28","date_gmt":"2024-01-26T21:59:28","guid":{"rendered":"https:\/\/plus.pe\/spectrum\/?page_id=13861"},"modified":"2024-02-08T15:17:40","modified_gmt":"2024-02-08T20:17:40","slug":"solucion-de-seguridad-duplicate-1-2","status":"publish","type":"page","link":"https:\/\/scperu.com\/?page_id=13861","title":{"rendered":"Comercializaci\u00f3n de Licencias Microsoft y Adobe"},"content":{"rendered":"<section class=\"wpb-content-wrapper\"><p>[vc_row][vc_column]\r\n\t<div class=\"prelude-spacer clearfix\" data-desktop=\"97\" data-mobi=\"60\" data-smobi=\"60\"><\/div><div class=\"prelude-headings clearfix \" data-font=14 style=\"\"><\/div>[vc_column_text]<\/p>\n<h3 style=\"font-weight: 600; margin-bottom: 0;\"><span style=\"font-weight: 300;\">Las licencias permiten que las herramientas<\/span> <strong>aseguren la autenticidad <\/strong><strong>de las aplicaciones<\/strong>,<span style=\"font-weight: 300;\"> lo que permite trabajar de manera m\u00e1s eficiente y colaborativa. <\/span><\/h3>\n<p>[\/vc_column_text]\r\n\t<div class=\"prelude-spacer clearfix\" data-desktop=\"100\" data-mobi=\"60\" data-smobi=\"60\"><\/div>[vc_row_inner disable_element=\u00bbyes\u00bb][vc_column_inner width=\u00bb1\/2&#8243;][vc_column_text]<\/p>\n<div style=\"color: #5e5d6c; font-size: 18px; line-height: 27px; font-weight: 600; margin-bottom: 27px;\"><span>Brindamos soluciones eficaces y personalizadas a nuestros clientes.<\/span><\/div>\n<div style=\"color: #5e5d6c; font-size: 18px; line-height: 27px;\">\n<p style=\"text-align: justify;\"><span>Con un equipo de profesionales altamente capacitados y una amplia experiencia en el \u00e1rea, ofrecemos servicios de calidad en materia contable, fiscal y tributaria. Adem\u00e1s, nos enfocamos en mantenernos actualizados con las \u00faltimas normativas y cambios en el marco legal, garantizando as\u00ed una asesor\u00eda de vanguardia y a la medida de cada empresa o persona. \u00a1Conf\u00eda en nosotros para llevar tu negocio al \u00e9xito financiero!<\/span><\/p>\n<\/div>\n<p>[\/vc_column_text]\r\n\t<div class=\"prelude-spacer clearfix\" data-desktop=\"80\" data-mobi=\"50\" data-smobi=\"50\"><\/div>[\/vc_column_inner][vc_column_inner width=\u00bb1\/2&#8243;]\r\n\t<div class=\"prelude-parallax-box\"><div class=\"parallax-wrap\"><div class=\"prelude-parallax-item has-width\" style=\"left:80%;margin-top:15%;width:59%;border-radius:7px;box-shadow: 0px 10px 90px 0px rgba(110,123,131,0.2);\" data-parallax='{\"y\" : -40, \"smoothness\" : 40}' data-top=\"15%\"><img decoding=\"async\" class=\"parallax-image\" src=\"https:\/\/scperu.com\/wp-content\/uploads\/2023\/05\/rendimiento-grafico-digital-superposicion-manos-empresario.jpg\" alt=\"image\"><\/div><div class=\"prelude-parallax-item has-width\" style=\"left:55%;margin-top:15%;width:59%;border-radius:7px;box-shadow: 0px 10px 90px 0px rgba(110,123,131,0.2);\" data-parallax='{\"y\" : -140, \"smoothness\" : 40}' data-top=\"15%\"><img decoding=\"async\" class=\"parallax-image\" src=\"https:\/\/scperu.com\/wp-content\/uploads\/2023\/05\/primer-plano-boligrafo-sobre-informe-economico-ventana-fondo.jpg\" alt=\"image\"><\/div><div class=\"prelude-parallax-item has-width\" style=\"left:4%;margin-top:2%;width:65%;border-radius:7px;box-shadow: 0px 10px 90px 0px rgba(110,123,131,0.2);\" data-parallax='{\"y\" : -80, \"smoothness\" : 20}' data-top=\"2%\"><img decoding=\"async\" class=\"parallax-image\" src=\"https:\/\/scperu.com\/wp-content\/uploads\/2023\/05\/companeros.jpg\" alt=\"image\"><\/div><\/div><\/div>[\/vc_column_inner][\/vc_row_inner][\/vc_column][\/vc_row][vc_row full_width=\u00bbstretch_row\u00bb css=\u00bb.vc_custom_1578561984213{background-image: url(http:\/\/ninzio.com\/prelude\/wp-content\/uploads\/2020\/01\/section-bg1-1.jpg?id=12837) !important;background-position: center !important;background-repeat: no-repeat !important;background-size: cover !important;}\u00bb][vc_column]\r\n\t<div class=\"prelude-spacer clearfix\" data-desktop=\"100\" data-mobi=\"60\" data-smobi=\"60\"><\/div>[vc_row_inner][vc_column_inner width=\u00bb1\/2&#8243;]<div class=\"prelude-headings clearfix \" data-font=42 data-mfont=40 style=\"\"><h2 class=\"heading clearfix \" style=\"font-weight:600;color:#fefefe;font-size:42px;\">\r\n\t\tLicencias Originales de Calidad Mundial\r\n\t<\/h2><\/div>[\/vc_column_inner][vc_column_inner width=\u00bb1\/2&#8243;]\r\n\t<div class=\"prelude-spacer clearfix\" data-desktop=\"44\" data-mobi=\"30\" data-smobi=\"30\"><\/div>[vc_column_text]<\/p>\n<div style=\"color: #fefefe;\">\u00a1Obt\u00e9n tus licencias de Microsoft y Adobe hoy mismo y comienza a trabajar de manera m\u00e1s inteligente y creativa!<\/div>\n<p>[\/vc_column_text][\/vc_column_inner][\/vc_row_inner]\r\n\t<div class=\"prelude-spacer clearfix\" data-desktop=\"86\" data-mobi=\"50\" data-smobi=\"50\"><\/div>[vc_row_inner][vc_column_inner width=\u00bb1\/3&#8243;]<div class=\"prelude-content-box clearfix \" data-padding=\"0px 0px 0px 35px\" data-mobipadding=\"0px 0px 0px 0px\" data-margin=\"\" data-mobimargin=\"\" >\r\n\t\t<div class=\"inner ctb-1205496807\" style=\"\"  data-background=\"\">\r\n\t\t\t<div class=\"prelude-simple-image simple \" style=\" max-width:200px;\">\r\n\t\t\t\t<img decoding=\"async\" alt=\"image\" src=\"https:\/\/scperu.com\/wp-content\/uploads\/2024\/02\/logo-microsoft@4x-8.png\" \/> \r\n\t\t\t<\/div>\r\n\t<div class=\"prelude-spacer clearfix\" data-desktop=\"20\" data-mobi=\"50\" data-smobi=\"50\"><\/div><div class=\"prelude-headings clearfix \" data-font=22 style=\"\"><h2 class=\"heading clearfix \" style=\"font-weight:600;color:#ffffff;margin-bottom:17px;font-size:22px;\">\r\n\t\tLicencias de Microsoft\r\n\t<\/h2><div class=\"extra-content clearfix\" style=\"\">\r\n\t\t<p style=\"text-align: justify; color: #ffffff;\">Las licencias de <strong>Microsoft <\/strong>ofrecen herramientas de productividad para trabajar de forma eficiente. Accedes a documentos, hojas de c\u00e1lculo y presentaciones, integr\u00e1ndose con otras aplicaciones de Microsoft. Esto facilita la colaboraci\u00f3n y la eficiencia en el trabajo. Obt\u00e9n tus licencias hoy y mejora tu productividad.<\/p>\n\r\n\t<\/div><\/div>\r\n\t\t<\/div>\r\n\t<\/div>\r\n\t<div class=\"prelude-spacer clearfix\" data-desktop=\"40\" data-mobi=\"30\" data-smobi=\"30\"><\/div>[\/vc_column_inner][vc_column_inner width=\u00bb1\/3&#8243;]<div class=\"prelude-content-box clearfix \" data-padding=\"0px 0px 0px 35px\" data-mobipadding=\"0px 0px 0px 0px\" data-margin=\"\" data-mobimargin=\"\" >\r\n\t\t<div class=\"inner ctb-1705281544\" style=\"\"  data-background=\"\">\r\n\t\t\t<div class=\"prelude-simple-image simple \" style=\" max-width:200px;\">\r\n\t\t\t\t<img decoding=\"async\" alt=\"image\" src=\"https:\/\/scperu.com\/wp-content\/uploads\/2024\/02\/logo-adobe@4x-8.png\" \/> \r\n\t\t\t<\/div>\r\n\t<div class=\"prelude-spacer clearfix\" data-desktop=\"20\" data-mobi=\"50\" data-smobi=\"50\"><\/div><div class=\"prelude-headings clearfix \" data-font=22 style=\"\"><h2 class=\"heading clearfix \" style=\"font-weight:600;color:#ffffff;margin-bottom:17px;font-size:22px;\">\r\n\t\tLicencias de Adobe\r\n\t<\/h2><p class=\"sub-heading clearfix\" style=\"font-style:normal;color:#fefefe;\">\r\n\t\tSi buscas destacarte en el mercado con dise\u00f1os impresionantes, las licencias de Adobe son esenciales. Con acceso a herramientas como Photoshop e Illustrator, podr\u00e1s crear dise\u00f1os atractivos y profesionales. Obt\u00e9n tus licencias de Adobe hoy mismo y comienza a crear dise\u00f1os que te ayuden a sobresalir en el mercado.\r\n\t<\/p><\/div>\r\n\t\t<\/div>\r\n\t<\/div><div class=\"prelude-content-box clearfix \" data-padding=\"0px 0px 0px 35px\" data-mobipadding=\"0px 0px 0px 0px\" data-margin=\"\" data-mobimargin=\"\" >\r\n\t\t<div class=\"inner ctb-402108416\" style=\"\"  data-background=\"\">\r\n\t\t\t\r\n\t\t<\/div>\r\n\t<\/div>[\/vc_column_inner][vc_column_inner width=\u00bb1\/3&#8243;]<div class=\"prelude-content-box clearfix \" data-padding=\"\" data-mobipadding=\"\" data-margin=\"\" data-mobimargin=\"\" >\r\n\t\t<div class=\"inner ctb-665611323\" style=\"\"  data-background=\"\">\r\n\t\t\t<div class=\"prelude-simple-image simple \" style=\" max-width:200px;\">\r\n\t\t\t\t<img decoding=\"async\" alt=\"image\" src=\"https:\/\/scperu.com\/wp-content\/uploads\/2024\/02\/logo-aws@4x-8.png\" \/> \r\n\t\t\t<\/div>\r\n\t<div class=\"prelude-spacer clearfix\" data-desktop=\"20\" data-mobi=\"50\" data-smobi=\"50\"><\/div><div class=\"prelude-headings clearfix \" data-font=22 style=\"\"><h2 class=\"heading clearfix \" style=\"font-weight:600;color:#ffffff;margin-bottom:17px;font-size:22px;\">\r\n\t\tLicencias de AWS\r\n\t<\/h2><p class=\"sub-heading clearfix\" style=\"font-style:normal;color:#fefefe;\">\r\n\t\tLas licencias de Amazon Web Services (AWS) brindan acceso a una variedad de servicios en la nube, permitiendo escalabilidad y pago por uso, respaldados por la experiencia de Amazon en la gesti\u00f3n de la nube, lo que proporciona una soluci\u00f3n confiable para las necesidades de tu empresa.\r\n\t<\/p><\/div>\r\n\t<div class=\"prelude-spacer clearfix\" data-desktop=\"40\" data-mobi=\"30\" data-smobi=\"30\"><\/div>\r\n\t\t<\/div>\r\n\t<\/div>[\/vc_column_inner][\/vc_row_inner]\r\n\t<div class=\"prelude-spacer clearfix\" data-desktop=\"362\" data-mobi=\"342\" data-smobi=\"342\"><\/div>[\/vc_column][\/vc_row][vc_row][vc_column]<div class=\"prelude-content-box clearfix  wow fadeInDown\" data-padding=\"\" data-mobipadding=\"0px 30px 0px 30px\" data-margin=\"-270px 0 0 0\" data-mobimargin=\"-270px 0 0 0\"  data-wow-duration=\"0.75s\" data-wow-delay=\"0.3s\">\r\n\t\t<div class=\"inner ctb-813308564\" style=\"background:url(https:\/\/scperu.com\/wp-content\/uploads\/2023\/11\/tecnologia-fondo-naranja@3x-100-min.jpg) left top no-repeat;background-size:cover;\"  data-background=\"#e08e00\" data-rounded=\"7px\">\r\n\t\t\t\r\n\t<div class=\"prelude-spacer clearfix\" data-desktop=\"60\" data-mobi=\"60\" data-smobi=\"60\"><\/div>[vc_column_text]<\/p>\n<h3 class=\"text-white\" style=\"max-width: 700px; margin: 0 auto; text-align: center; font-weight: 600;\">Obtenga una asesor\u00eda personalizada, <span style=\"font-weight: 300;\">cont\u00e1ctenos y conozca m\u00e1s de nuestras soluciones.<\/span><\/h3>\n<p>[\/vc_column_text]\r\n\t<div class=\"prelude-spacer clearfix\" data-desktop=\"37\" data-mobi=\"37\" data-smobi=\"37\"><\/div><div class=\"prelude-align-box text-center\"><div class=\"button-wrap icon-right\" style=\"\" ><a href=\"https:\/\/plus.pe\/spectrum\/?page_id=13447\" target=\"_self\" class=\"prelude-button btn-1823341197 medium no_icon custom custom\" style=\"border-radius:3px;\"  data-background=\"#ffffff\" data-text=\"#696969\" data-text-hover=\"#ffffff\" data-background-hover=\"#39374d\">\r\n\t\t<span style=\"\">Cont\u00e1ctenos <\/span>\r\n\t<\/a><\/div><\/div>\r\n\t<div class=\"prelude-spacer clearfix\" data-desktop=\"70\" data-mobi=\"60\" data-smobi=\"60\"><\/div>\r\n\t\t<\/div>\r\n\t<\/div>\r\n\t<div class=\"prelude-spacer clearfix\" data-desktop=\"86\" data-mobi=\"60\" data-smobi=\"60\"><\/div>[vc_column_text]<\/p>\n<h2 style=\"max-width: 800px; text-align: center; font-weight: 600; margin: 0 auto 10px;\"><span style=\"font-weight: 300;\">Beneficios de contar con nuestras <\/span>Licencias Originales<\/h2>\n<p>[\/vc_column_text]\r\n\t<div class=\"prelude-spacer clearfix\" data-desktop=\"86\" data-mobi=\"60\" data-smobi=\"60\"><\/div>[vc_row_inner][vc_column_inner width=\u00bb1\/3&#8243;]<div class=\"prelude-icon-box clearfix icon-top align-center  link-hover-accent simple\" style=\"\" ><div class=\"wrap-inner\" style=\"position: relative;\"><div class=\"prelude-icon icon-1576753851 icon-font custom accent-bg\"  data-icon=\"#ffffff\">\r\n\t\t\t<span class=\"icon\" style=\"font-size:26px;width:60px;height:60px;border-style:solid;border-radius:30px;line-height:60px;\"><i class=\"elegant-icon_genius\"><\/i><\/span>\r\n\t\t<\/div> <div class=\"content-wrap\"><h3 class=\"heading \" style=\"font-size:22px;margin-top:25px;margin-bottom:14px;\">\r\n\t\t\t<span>Productividad<\/span>\r\n\t\t<\/h3><div class=\"desc\" style=\"line-height:26px;margin-bottom:25px;\"><div style=\"max-width: 300px; text-align: center; margin: 0 auto;\">Las licencias de Microsoft te permiten acceder a una amplia gama de herramientas de productividad, eficiente y colaborativa, lo que te ayuda a ahorrar tiempo y aumentar tu productividad.<\/div>\n<\/div><\/div><\/div><\/div><div class=\"prelude-divider divider-center divider-solid\" style=\"width:30px;border-width:5px;border-top-color:#e7e7e7;margin-top:23px;\"><\/div><div class=\"clearfix\"><\/div>[\/vc_column_inner][vc_column_inner width=\u00bb1\/3&#8243;]<div class=\"prelude-icon-box clearfix icon-top align-center  link-hover-accent simple\" style=\"\" ><div class=\"wrap-inner\" style=\"position: relative;\"><div class=\"prelude-icon icon-150117085 icon-font custom accent-bg\"  data-icon=\"#ffffff\">\r\n\t\t\t<span class=\"icon\" style=\"font-size:26px;width:60px;height:60px;border-style:solid;border-radius:30px;line-height:60px;\"><i class=\"elegant-icon_box-checked\"><\/i><\/span>\r\n\t\t<\/div> <div class=\"content-wrap\"><h3 class=\"heading \" style=\"font-size:22px;margin-top:25px;margin-bottom:14px;\">\r\n\t\t\t<span>Acceso y Actualizaci\u00f3n<\/span>\r\n\t\t<\/h3><div class=\"desc\" style=\"line-height:26px;margin-bottom:25px;\"><div style=\"max-width: 300px; text-align: center; margin: 0 auto;\">Las licencias te brindan acceso a una amplia gama de herramientas que te ayudar\u00e1n a destacar en el mercado. Adem\u00e1s, estas herramientas se actualizan regularmente para que siempre tengas acceso a las \u00faltimas funciones y mejoras.<\/div>\n<\/div><\/div><\/div><\/div><div class=\"prelude-divider divider-center divider-solid\" style=\"width:30px;border-width:5px;border-top-color:#e7e7e7;margin-top:23px;\"><\/div><div class=\"clearfix\"><\/div>[\/vc_column_inner][vc_column_inner width=\u00bb1\/3&#8243;]<div class=\"prelude-icon-box clearfix icon-top align-center  link-hover-accent simple\" style=\"\" ><div class=\"wrap-inner\" style=\"position: relative;\"><div class=\"prelude-icon icon-687075342 icon-font custom accent-bg\"  data-icon=\"#ffffff\">\r\n\t\t\t<span class=\"icon\" style=\"font-size:26px;width:60px;height:60px;border-style:solid;border-radius:30px;line-height:60px;\"><i class=\"entypo-icon entypo-icon-briefcase\"><\/i><\/span>\r\n\t\t<\/div> <div class=\"content-wrap\"><h3 class=\"heading \" style=\"font-size:22px;margin-top:25px;margin-bottom:14px;\">\r\n\t\t\t<span>Integraci\u00f3n<\/span>\r\n\t\t<\/h3><div class=\"desc\" style=\"line-height:26px;margin-bottom:25px;\"><div style=\"max-width: 300px; text-align: center; margin: 0 auto;\">Integraci\u00f3n perfectamente con otras aplicaciones de la misma marca. Esto te permite trabajar de manera m\u00e1s eficiente y colaborativa, ya que puedes compartir archivos y colaborar en tiempo real con otros miembros de tu equipo.<\/div>\n<\/div><\/div><\/div><\/div><div class=\"prelude-divider divider-center divider-solid\" style=\"width:30px;border-width:5px;border-top-color:#e7e7e7;margin-top:23px;\"><\/div><div class=\"clearfix\"><\/div>[\/vc_column_inner][\/vc_row_inner]\r\n\t<div class=\"prelude-spacer clearfix\" data-desktop=\"80\" data-mobi=\"60\" data-smobi=\"60\"><\/div>[\/vc_column][\/vc_row][vc_row parallax=\u00bbcontent-moving\u00bb full_width=\u00bbstretch_row\u00bb css=\u00bb.vc_custom_1682487748636{background-image: url(https:\/\/www.vzcontadores.com\/nueva\/wp-content\/uploads\/2023\/04\/papeleo-financiero-contable-2.jpg?id=13373) !important;background-position: center;background-repeat: no-repeat !important;background-size: cover !important;}\u00bb][vc_column]\r\n\t<div class=\"prelude-spacer clearfix\" data-desktop=\"130\" data-mobi=\"60\" data-smobi=\"60\"><\/div>[vc_row_inner][vc_column_inner width=\u00bb7\/12&#8243;][vc_column_text]<\/p>\n<h2 class=\"text-white\" style=\"max-width: 600px; font-weight: 300; margin-bottom: 20px;\">Conoce m\u00e1s de nuestras <span style=\"font-weight: 600;\">servicios especializados<\/span><\/h2>\n<p>[\/vc_column_text][\/vc_column_inner][vc_column_inner width=\u00bb5\/12&#8243;]<div class=\"prelude-align-box text-center\">\r\n\t<div class=\"prelude-spacer clearfix\" data-desktop=\"50\" data-mobi=\"60\" data-smobi=\"60\"><\/div><div class=\"button-wrap icon-right\" style=\"\" ><a href=\"\" target=\"_self\" class=\"prelude-button btn-51004582 medium no_icon accent custom\" style=\"border-radius:3px;\"  data-text=\"#ffffff\" data-text-hover=\"#39374d\" data-background-hover=\"#ffffff\">\r\n\t\t<span style=\"\">Ver Servicios <\/span>\r\n\t<\/a><\/div><\/div>[\/vc_column_inner][\/vc_row_inner]\r\n\t<div class=\"prelude-spacer clearfix\" data-desktop=\"140\" data-mobi=\"60\" data-smobi=\"60\"><\/div>[\/vc_column][\/vc_row]<\/p>\n<\/section>","protected":false},"excerpt":{"rendered":"<p>[vc_row][vc_column][vc_column_text] Las licencias permiten que las herramientas aseguren la autenticidad de las aplicaciones, lo que permite trabajar de manera m\u00e1s eficiente y colaborativa. [\/vc_column_text][vc_row_inner disable_element=\u00bbyes\u00bb][vc_column_inner width=\u00bb1\/2&#8243;][vc_column_text] Brindamos soluciones eficaces y personalizadas a nuestros clientes. Con un equipo de profesionales altamente capacitados y una amplia experiencia en el \u00e1rea, ofrecemos servicios<\/p>\n","protected":false},"author":1,"featured_media":0,"parent":0,"menu_order":0,"comment_status":"closed","ping_status":"closed","template":"","meta":{"footnotes":""},"class_list":["post-13861","page","type-page","status-publish","hentry"],"_links":{"self":[{"href":"https:\/\/scperu.com\/index.php?rest_route=\/wp\/v2\/pages\/13861","targetHints":{"allow":["GET"]}}],"collection":[{"href":"https:\/\/scperu.com\/index.php?rest_route=\/wp\/v2\/pages"}],"about":[{"href":"https:\/\/scperu.com\/index.php?rest_route=\/wp\/v2\/types\/page"}],"author":[{"embeddable":true,"href":"https:\/\/scperu.com\/index.php?rest_route=\/wp\/v2\/users\/1"}],"replies":[{"embeddable":true,"href":"https:\/\/scperu.com\/index.php?rest_route=%2Fwp%2Fv2%2Fcomments&post=13861"}],"version-history":[{"count":16,"href":"https:\/\/scperu.com\/index.php?rest_route=\/wp\/v2\/pages\/13861\/revisions"}],"predecessor-version":[{"id":13888,"href":"https:\/\/scperu.com\/index.php?rest_route=\/wp\/v2\/pages\/13861\/revisions\/13888"}],"wp:attachment":[{"href":"https:\/\/scperu.com\/index.php?rest_route=%2Fwp%2Fv2%2Fmedia&parent=13861"}],"curies":[{"name":"wp","href":"https:\/\/api.w.org\/{rel}","templated":true}]}}